{"id":673,"date":"2019-01-11T15:38:19","date_gmt":"2019-01-11T14:38:19","guid":{"rendered":"http:\/\/restaurierungszentrum-erfurt.de\/?page_id=673"},"modified":"2020-05-31T18:35:26","modified_gmt":"2020-05-31T16:35:26","slug":"schalltopfe","status":"publish","type":"page","link":"https:\/\/restaurierungszentrum-erfurt.de\/index.php\/schalltopfe\/","title":{"rendered":"Schallt\u00f6pfe"},"content":{"rendered":"<p><a href=\"http:\/\/restaurierungszentrum-erfurt.de\/wp-content\/uploads\/2019\/01\/Schallt\u00f6pfe.pdf\"><img loading=\"lazy\" decoding=\"async\" class=\"alignnone size-medium wp-image-680\" src=\"http:\/\/restaurierungszentrum-erfurt.de\/wp-content\/uploads\/2019\/01\/Skizze-Schalltopf-154x300.jpg\" alt=\"\" width=\"154\" height=\"300\" srcset=\"https:\/\/restaurierungszentrum-erfurt.de\/wp-content\/uploads\/2019\/01\/Skizze-Schalltopf-154x300.jpg 154w, https:\/\/restaurierungszentrum-erfurt.de\/wp-content\/uploads\/2019\/01\/Skizze-Schalltopf.jpg 319w\" sizes=\"auto, (max-width: 154px) 100vw, 154px\" \/><\/a><\/p>\n<p>W\u00e4hrend den Restaurierungsma\u00dfnahmen im gotischen Chor der Kirche St. Maria-Magdalena (von ca.1300) wurden sogenannte Schallt\u00f6pfe wiederentdeckt. Diese wurden\u00a0 bei Umbauma\u00dfnahmen mit Kalkm\u00f6rtel verschlossen. Die Tongef\u00e4\u00dfe wurden urspr\u00fcnglich zu Verbesserung der Akustik in die Wand eingemauert. Es handelt sich um Tongef\u00e4\u00dfe die mit ihrer ca. 9,5 cm gro\u00dfen \u00d6ffnung in den Raum zeigen. Der Putz l\u00e4uft bis zum Rand des Gef\u00e4\u00dfes und bildet dort eine Fase. Diese Schallt\u00f6pfe sind als bauzeitlich anzusehen und stellen in Ihrem unversehrten Zustand eine Seltenheit in Th\u00fcringen da. Sie wurden vermutlich mit der barocken Umbaufase verschlossen.<\/p>\n<p>Wahrscheinlich befanden sich noch weitere Schallt\u00f6pfe in der Nordwand diese sind durch Mauerwerksst\u00f6rung in diesem Bereich aber nicht mehr nachweisbar.<\/p>\n<p>&nbsp;<\/p>\n<p>In der Dissertation von Aline Kottmann &#8211; <em>Die \u201eSchallt\u00f6pfe\u201c der ehemaligen Stiftskirche St. Walburga in Meschede. Eine karolingische Rezeption von Vitruvs Echea? Mainz 2007- <\/em>wird das Funktionsprinzip der schon seit der Antike verwendeten Schallt\u00f6pfe erl\u00e4utert.<\/p>\n<p>Demnach wird durch die eingebauten Tongef\u00e4\u00dfe die Nachhallzeit im Raum verl\u00e4ngert. <a href=\"#_ftn1\" name=\"_ftnref1\">[1]<\/a><\/p>\n<p><a href=\"#_ftnref1\" name=\"_ftn1\">[1]<\/a> Siehe auch : Johner, Frank Sebastian, <em>Architektur als multisensuelles Objekt<\/em>, K\u00f6ln 2013 sowie<\/p>\n<p>Wikipedia unter <em>Schallgef\u00e4\u00dfe<\/em><\/p>\n","protected":false},"excerpt":{"rendered":"<p>W\u00e4hrend den Restaurierungsma\u00dfnahmen im gotischen Chor der Kirche St. Maria-Magdalena (von ca.1300) wurden sogenannte Schallt\u00f6pfe wiederentdeckt. Diese wurden\u00a0 bei Umbauma\u00dfnahmen mit Kalkm\u00f6rtel verschlossen. Die Tongef\u00e4\u00dfe wurden urspr\u00fcnglich zu Verbesserung der Akustik in die Wand eingemauert. Es handelt sich um Tongef\u00e4\u00dfe die mit ihrer ca. 9,5 cm gro\u00dfen \u00d6ffnung in den Raum zeigen. Der Putz l\u00e4uft&#8230;<\/p>\n","protected":false},"author":1,"featured_media":0,"parent":0,"menu_order":0,"comment_status":"closed","ping_status":"closed","template":"","meta":{"footnotes":""},"class_list":["post-673","page","type-page","status-publish","hentry"],"_links":{"self":[{"href":"https:\/\/restaurierungszentrum-erfurt.de\/index.php\/wp-json\/wp\/v2\/pages\/673","targetHints":{"allow":["GET"]}}],"collection":[{"href":"https:\/\/restaurierungszentrum-erfurt.de\/index.php\/wp-json\/wp\/v2\/pages"}],"about":[{"href":"https:\/\/restaurierungszentrum-erfurt.de\/index.php\/wp-json\/wp\/v2\/types\/page"}],"author":[{"embeddable":true,"href":"https:\/\/restaurierungszentrum-erfurt.de\/index.php\/wp-json\/wp\/v2\/users\/1"}],"replies":[{"embeddable":true,"href":"https:\/\/restaurierungszentrum-erfurt.de\/index.php\/wp-json\/wp\/v2\/comments?post=673"}],"version-history":[{"count":4,"href":"https:\/\/restaurierungszentrum-erfurt.de\/index.php\/wp-json\/wp\/v2\/pages\/673\/revisions"}],"predecessor-version":[{"id":694,"href":"https:\/\/restaurierungszentrum-erfurt.de\/index.php\/wp-json\/wp\/v2\/pages\/673\/revisions\/694"}],"wp:attachment":[{"href":"https:\/\/restaurierungszentrum-erfurt.de\/index.php\/wp-json\/wp\/v2\/media?parent=673"}],"curies":[{"name":"wp","href":"https:\/\/api.w.org\/{rel}","templated":true}]}}