{"id":55,"date":"2016-05-20T19:32:19","date_gmt":"2016-05-20T17:32:19","guid":{"rendered":"http:\/\/restaurierungszentrum-erfurt.de\/?page_id=55"},"modified":"2020-12-20T16:36:35","modified_gmt":"2020-12-20T15:36:35","slug":"team","status":"publish","type":"page","link":"https:\/\/restaurierungszentrum-erfurt.de\/index.php\/team\/","title":{"rendered":"Team"},"content":{"rendered":"<section class=\"l-section wpb_row us_custom_39428959 height_auto width_full\"><div class=\"l-section-h i-cf\"><div class=\"g-cols vc_row type_boxes valign_middle\"><div class=\"vc_col-sm-12 wpb_column vc_column_container\"><div class=\"vc_column-inner us_custom_5d8571eb\"><div class=\"wpb_wrapper\"><div class=\"w-separator size_small\"><\/div><div class=\"w-separator size_custom\" style=\"height:124px\"><\/div><\/div><\/div><\/div><\/div><\/div><\/section><section class=\"l-section wpb_row us_custom_39428959 height_auto width_full\"><div class=\"l-section-h i-cf\"><div class=\"g-cols vc_row type_boxes valign_middle\"><div class=\"vc_col-sm-12 wpb_column vc_column_container\"><div class=\"vc_column-inner us_custom_39428959\"><div class=\"wpb_wrapper\"><div class=\"w-separator size_medium with_line width_default thick_1 style_solid color_border align_center\"><div class=\"w-separator-h\"><\/div><\/div><div class=\"w-separator size_small\"><\/div><div class=\"wpb_text_column\" ><div class=\"wpb_wrapper\"><h1 style=\"text-align: center;\"><strong>Das Restauratorenteam<\/strong><\/h1>\n<p>&nbsp;<\/p>\n<\/div><\/div><\/div><\/div><\/div><\/div><\/div><\/section><section class=\"l-section wpb_row us_custom_39428959 height_auto width_full\"><div class=\"l-section-h i-cf\"><div class=\"g-cols vc_row type_boxes valign_middle\"><div class=\"vc_col-sm-4 wpb_column vc_column_container\"><div class=\"vc_column-inner us_custom_39428959\"><div class=\"wpb_wrapper\"><div class=\"ult-team-member-wrap ult-style-3  \"><a href=\"http:\/\/restaurierungszentrum-erfurt.de\/index.php\/dirk-brockmeyer\/\"title=\"mehr zu Dirk Brockmeyer...\"target=\"_blank\"rel=\"noopener\"><div class=\"ult-team-member-image ultimate-heading69dac3e59d0f9\" style=\"; background-color:inherit\" data-hover_opacity=\"0.7\" > <img decoding=\"async\" class=\"\" src=\"https:\/\/restaurierungszentrum-erfurt.de\/wp-content\/uploads\/2016\/05\/Dirk_01.png\" alt=\"null\" ><span class=\"ult-team-member-image-overlay \"  ><\/span><\/div><\/a><div class=\"ult-team-member-bio-wrap style-3 ultimate-heading69dac3e59d0f9\" style=\"text-align:center;; \"><div class=\"ult-team-member-name-wrap\"><a href=\"http:\/\/restaurierungszentrum-erfurt.de\/index.php\/dirk-brockmeyer\/\"title=\"mehr zu Dirk Brockmeyer...\"target=\"_blank\"rel=\"noopener\" style=\"text-decoration: none;\" ><h2 class=\"ult-team-member-name ult-responsive\"  data-ultimate-target='.ult-team-member-bio-wrap.ultimate-heading69dac3e59d0f9 .ult-team-member-name'  data-responsive-json-new='{\"font-size\":\"\",\"line-height\":\"\"}'  style=\"font-weight:bold;color:#ff2d2d;\">Dirk Brockmeyer<\/h2><\/a><div class=\"ult-team-member-position ult-responsive\"  data-ultimate-target='.ult-team-member-bio-wrap.ultimate-heading69dac3e59d0f9 .ult-team-member-position'  data-responsive-json-new='{\"font-size\":\"\",\"line-height\":\"\"}'  style=\"\">Dipl. Restaurator (FH) - Spezialisierung : Stein<\/div><div style=\"margin-bottom:15px\"><\/div><div class='ult-social-buttons'><\/div><\/div><\/div><\/div><div class=\"w-contacts\"><div class=\"w-contacts-list\"><div class=\"w-contacts-item for_address\"><span class=\"w-contacts-item-value\">Elbestra\u00dfe 21, 99089 Erfurt<\/span><\/div><div class=\"w-contacts-item for_phone\"><span class=\"w-contacts-item-value\">0176 62495305<\/span><\/div><div class=\"w-contacts-item for_email\"><span class=\"w-contacts-item-value\"><a href=\"mailto:dirk73.brockmeyer@freenet.de\">dirk73.brockmeyer@freenet.de<\/a><\/span><\/div><\/div><\/div><\/div><\/div><\/div><div class=\"vc_col-sm-4 wpb_column vc_column_container\"><div class=\"vc_column-inner us_custom_39428959\"><div class=\"wpb_wrapper\"><div class=\"ult-team-member-wrap ult-style-3  \"><a href=\"http:\/\/www.melath-restaurierung.de\"title=\"mehr zu Astrid Melath\"><div class=\"ult-team-member-image ultimate-heading69dac3e59d496\" style=\"; background-color:inherit\" data-hover_opacity=\"0.7\" > <img decoding=\"async\" class=\"ult-team-grayscale\" src=\"https:\/\/restaurierungszentrum-erfurt.de\/wp-content\/uploads\/2016\/05\/Profilbild.jpg\" alt=\"null\" ><span class=\"ult-team-member-image-overlay \"  ><\/span><\/div><\/a><div class=\"ult-team-member-bio-wrap style-3 ultimate-heading69dac3e59d496\" style=\"text-align:center;; \"><div class=\"ult-team-member-name-wrap\"><a href=\"http:\/\/www.melath-restaurierung.de\"title=\"mehr zu Astrid Melath\" style=\"text-decoration: none;\" ><h2 class=\"ult-team-member-name ult-responsive\"  data-ultimate-target='.ult-team-member-bio-wrap.ultimate-heading69dac3e59d496 .ult-team-member-name'  data-responsive-json-new='{\"font-size\":\"\",\"line-height\":\"\"}'  style=\"\">Astrid Melath<\/h2><\/a><div class=\"ult-team-member-position ult-responsive\"  data-ultimate-target='.ult-team-member-bio-wrap.ultimate-heading69dac3e59d496 .ult-team-member-position'  data-responsive-json-new='{\"font-size\":\"\",\"line-height\":\"\"}'  style=\"\">Dipl.- Restauratorin (FH) - Spezialisierung : Gem\u00e4lde<\/div><div style=\"margin-bottom:15px\"><\/div><div class='ult-social-buttons'><\/div><\/div><\/div><\/div><div class=\"w-contacts\"><div class=\"w-contacts-list\"><div class=\"w-contacts-item for_address\"><span class=\"w-contacts-item-value\">Feldstra\u00dfe 22 08064 Zwickau<\/span><\/div><div class=\"w-contacts-item for_phone\"><span class=\"w-contacts-item-value\">0375-56009587<\/span><\/div><div class=\"w-contacts-item for_email\"><span class=\"w-contacts-item-value\"><a href=\"mailto:info@melath-restaurierung.de\">info@melath-restaurierung.de<\/a><\/span><\/div><\/div><\/div><\/div><\/div><\/div><div class=\"vc_col-sm-4 wpb_column vc_column_container\"><div class=\"vc_column-inner us_custom_39428959\"><div class=\"wpb_wrapper\"><div class=\"ult-team-member-wrap ult-style-3  \"><a href=\"http:\/\/restaurierungszentrum-erfurt.de\/index.php\/joern-prause\/\"title=\"mehr zu J\u00f6rn Prause...\"target=\"_blank\"rel=\"noopener\"><div class=\"ult-team-member-image ultimate-heading69dac3e59d75e\" style=\"; background-color:inherit\" data-hover_opacity=\"0.7\" > <img decoding=\"async\" class=\"\" src=\"https:\/\/restaurierungszentrum-erfurt.de\/wp-content\/uploads\/2017\/03\/j\u00f6rn-neu.png\" alt=\"null\" ><span class=\"ult-team-member-image-overlay \"  ><\/span><\/div><\/a><div class=\"ult-team-member-bio-wrap style-3 ultimate-heading69dac3e59d75e\" style=\"text-align:center;; \"><div class=\"ult-team-member-name-wrap\"><a href=\"http:\/\/restaurierungszentrum-erfurt.de\/index.php\/joern-prause\/\"title=\"mehr zu J\u00f6rn Prause...\"target=\"_blank\"rel=\"noopener\" style=\"text-decoration: none;\" ><h2 class=\"ult-team-member-name ult-responsive\"  data-ultimate-target='.ult-team-member-bio-wrap.ultimate-heading69dac3e59d75e .ult-team-member-name'  data-responsive-json-new='{\"font-size\":\"\",\"line-height\":\"\"}'  style=\"font-weight:bold;color:#ff2d2d;\">J\u00f6rn Prause<\/h2><\/a><div class=\"ult-team-member-position ult-responsive\"  data-ultimate-target='.ult-team-member-bio-wrap.ultimate-heading69dac3e59d75e .ult-team-member-position'  data-responsive-json-new='{\"font-size\":\"\",\"line-height\":\"\"}'  style=\"\">Dipl. Restaurator (FH) - Spezialisierung : Wandmalerei <\/div><div style=\"margin-bottom:15px\"><\/div><div class='ult-social-buttons'><\/div><\/div><\/div><\/div><div class=\"w-contacts\"><div class=\"w-contacts-list\"><div class=\"w-contacts-item for_address\"><span class=\"w-contacts-item-value\">Leipzigerstra\u00dfe 43, 99085 Erfurt<\/span><\/div><div class=\"w-contacts-item for_phone\"><span class=\"w-contacts-item-value\">0176 55426685<\/span><\/div><div class=\"w-contacts-item for_email\"><span class=\"w-contacts-item-value\"><a href=\"mailto:mail@prause-restaurierung.de\">mail@prause-restaurierung.de<\/a><\/span><\/div><\/div><\/div><\/div><\/div><\/div><\/div><\/div><\/section><section class=\"l-section wpb_row height_medium\"><div class=\"l-section-h i-cf\"><div class=\"g-cols vc_row type_default valign_top\"><div class=\"vc_col-sm-12 wpb_column vc_column_container\"><div class=\"vc_column-inner\"><div class=\"wpb_wrapper\"><div class=\"w-separator size_custom\" style=\"height:300px\"><\/div><\/div><\/div><\/div><\/div><\/div><\/section>\n","protected":false},"excerpt":{"rendered":"Das Restauratorenteam &nbsp; Dirk BrockmeyerDipl. Restaurator (FH) - Spezialisierung : SteinElbestra\u00dfe 21, 99089 Erfurt0176 62495305dirk73.brockmeyer@freenet.de Astrid MelathDipl.- Restauratorin (FH) - Spezialisierung : Gem\u00e4ldeFeldstra\u00dfe 22 08064 Zwickau0375-56009587info@melath-restaurierung.de J\u00f6rn PrauseDipl. Restaurator (FH) - Spezialisierung : Wandmalerei Leipzigerstra\u00dfe 43, 99085 Erfurt0176 55426685mail@prause-restaurierung.de","protected":false},"author":1,"featured_media":0,"parent":0,"menu_order":0,"comment_status":"closed","ping_status":"closed","template":"","meta":{"footnotes":""},"class_list":["post-55","page","type-page","status-publish","hentry"],"_links":{"self":[{"href":"https:\/\/restaurierungszentrum-erfurt.de\/index.php\/wp-json\/wp\/v2\/pages\/55","targetHints":{"allow":["GET"]}}],"collection":[{"href":"https:\/\/restaurierungszentrum-erfurt.de\/index.php\/wp-json\/wp\/v2\/pages"}],"about":[{"href":"https:\/\/restaurierungszentrum-erfurt.de\/index.php\/wp-json\/wp\/v2\/types\/page"}],"author":[{"embeddable":true,"href":"https:\/\/restaurierungszentrum-erfurt.de\/index.php\/wp-json\/wp\/v2\/users\/1"}],"replies":[{"embeddable":true,"href":"https:\/\/restaurierungszentrum-erfurt.de\/index.php\/wp-json\/wp\/v2\/comments?post=55"}],"version-history":[{"count":93,"href":"https:\/\/restaurierungszentrum-erfurt.de\/index.php\/wp-json\/wp\/v2\/pages\/55\/revisions"}],"predecessor-version":[{"id":816,"href":"https:\/\/restaurierungszentrum-erfurt.de\/index.php\/wp-json\/wp\/v2\/pages\/55\/revisions\/816"}],"wp:attachment":[{"href":"https:\/\/restaurierungszentrum-erfurt.de\/index.php\/wp-json\/wp\/v2\/media?parent=55"}],"curies":[{"name":"wp","href":"https:\/\/api.w.org\/{rel}","templated":true}]}}